{"id":57,"date":"2025-11-07T20:03:01","date_gmt":"2025-11-07T20:03:01","guid":{"rendered":"http:\/\/beatfusion.de\/?page_id=57"},"modified":"2025-11-09T21:14:56","modified_gmt":"2025-11-09T21:14:56","slug":"home","status":"publish","type":"page","link":"https:\/\/beatfusion.de\/","title":{"rendered":"beatfusion"},"content":{"rendered":"\n<p class=\"has-text-align-right\">by DJ&#8217;s YEL &amp; Ringo<\/p>\n\n\n\n<figure class=\"wp-block-image size-full\"><img loading=\"lazy\" decoding=\"async\" width=\"720\" height=\"478\" src=\"http:\/\/beatfusion.de\/wp-content\/uploads\/2025\/11\/19890_502640239804555_440739057_n.jpg\" alt=\"\" class=\"wp-image-16\" srcset=\"https:\/\/beatfusion.de\/wp-content\/uploads\/2025\/11\/19890_502640239804555_440739057_n.jpg 720w, https:\/\/beatfusion.de\/wp-content\/uploads\/2025\/11\/19890_502640239804555_440739057_n-300x199.jpg 300w\" sizes=\"auto, (max-width: 720px) 100vw, 720px\" \/><\/figure>\n\n\n\n<div class=\"wp-block-group is-nowrap is-layout-flex wp-container-core-group-is-layout-6c531013 wp-block-group-is-layout-flex\">\n<p>Der Zufall f\u00fchrte die beiden Musiker Yel und Ringo kurz nach der Jahrtausendwende zusammen. Was als Vorstellung eines Demobandes f\u00fcr den Einen begann, hat sich bis heute unter dem Label \u201ebeatfusion&#8220; zu einer festen musikalischen Gr\u00f6\u00dfe in Norddeutschland entwickelt. Auf zahlreichen Partys haben sie mit ihren fetzigen Beats so richtig eingeheizt! Beatfusion ist die gelungene Verbindung von klassischen Instrumenten mit guter Musik von Vinylschallplatten.<\/p>\n<\/div>\n\n\n\n<p>Mit ihren legend\u00e4ren Technics Plattenspielern \u201eThe Wheels of Steel&#8220; zaubern Yel und Ringo die Musik nahtlos ineinander und lassen auf der Tanzfl\u00e4che eine ganz eigene Dynamik entstehen. Mit der ersten Ber\u00fchrung zwischen Diamant und Vinyl verbreitet sich schnell ein w\u00fcrziger Mix aus lebendigen Rhythmen und sanftem chill-out-sound. Der Klangteppich wird erst nach Stunden wieder eingerollt \u2013 dazwischen ist abtanzen nonstop angesagt!<\/p>\n\n\n\n<p>Wenn sich die Turntables erst einmal drehen, beginnt mit beatfusion eine magische Reise durch die Nacht. Yel &amp; Ringo m\u00f6chten, dass Du dabei bist!<\/p>\n\n\n\n<p>DER MUSIKSTIL? Funky bastards with minimal grooves&#8230; also Minimal, House, tanzbar, nicht stressig und ab und zu ein Klassiker.<\/p>\n\n\n\n<p><\/p>\n","protected":false},"excerpt":{"rendered":"<p>by DJ&#8217;s YEL &amp; Ringo Der Zufall f\u00fchrte die beiden Musiker Yel und Ringo kurz nach der Jahrtausendwende zusammen. Was als Vorstellung eines Demobandes f\u00fcr den Einen begann, hat sich bis heute unter dem Label \u201ebeatfusion&#8220; zu einer festen musikalischen Gr\u00f6\u00dfe in Norddeutschland entwickelt. Auf zahlreichen Partys haben sie mit ihren fetzigen Beats so richtig [&hellip;]<\/p>\n","protected":false},"author":1,"featured_media":0,"parent":0,"menu_order":0,"comment_status":"closed","ping_status":"closed","template":"","meta":{"footnotes":""},"class_list":["post-57","page","type-page","status-publish","hentry"],"_links":{"self":[{"href":"https:\/\/beatfusion.de\/index.php?rest_route=\/wp\/v2\/pages\/57","targetHints":{"allow":["GET"]}}],"collection":[{"href":"https:\/\/beatfusion.de\/index.php?rest_route=\/wp\/v2\/pages"}],"about":[{"href":"https:\/\/beatfusion.de\/index.php?rest_route=\/wp\/v2\/types\/page"}],"author":[{"embeddable":true,"href":"https:\/\/beatfusion.de\/index.php?rest_route=\/wp\/v2\/users\/1"}],"replies":[{"embeddable":true,"href":"https:\/\/beatfusion.de\/index.php?rest_route=%2Fwp%2Fv2%2Fcomments&post=57"}],"version-history":[{"count":11,"href":"https:\/\/beatfusion.de\/index.php?rest_route=\/wp\/v2\/pages\/57\/revisions"}],"predecessor-version":[{"id":254,"href":"https:\/\/beatfusion.de\/index.php?rest_route=\/wp\/v2\/pages\/57\/revisions\/254"}],"wp:attachment":[{"href":"https:\/\/beatfusion.de\/index.php?rest_route=%2Fwp%2Fv2%2Fmedia&parent=57"}],"curies":[{"name":"wp","href":"https:\/\/api.w.org\/{rel}","templated":true}]}}